{"id":123,"date":"2019-12-13T14:53:53","date_gmt":"2019-12-13T13:53:53","guid":{"rendered":"https:\/\/architectsofmind.com\/?page_id=123"},"modified":"2020-01-30T15:25:39","modified_gmt":"2020-01-30T14:25:39","slug":"agency","status":"publish","type":"page","link":"https:\/\/architectsofmind.com\/en\/agency\/","title":{"rendered":"Agence"},"content":{"rendered":"<p><span style=\"text-transform: uppercase;\">Architects of Mind<\/span> is a collective of enthusiasts united around a desire: to give meaning to brand discourses by creating universes that are tailor-made, bold and respectful of their DNA.<\/p>\n<p>Our challenge is to embody, materialize and initiate a dialogue between brands and consumers.<br \/>\nWe strive to surprise, to create unique projects for unique experiences.<\/p>\n<p>RETAIL BRANDING: design & production of short-lived architectures.<br \/>\n<em>Pop up store, podiums, roadshows, scenography, art windows, displays\u2026<\/em><\/p>\n<p>BRAND IDENTITY: artistic direction & production.<br \/>\n<em>Consulting & branding, storytelling, visual identity & graphic charter, bottles, packaging, communication visuals...<\/em><\/p>","protected":false},"excerpt":{"rendered":"<p>Architects of Mind est un collectif de passionn\u00e9s rassembl\u00e9s autour d\u2019un d\u00e9sir : donner du sens aux discours des marques en cr\u00e9ant des univers sur-mesure, audacieux et respectueux de leur ADN. Notre d\u00e9fi consiste \u00e0 incarner, \u00e0 mat\u00e9rialiser, \u00e0 initier un dialogue entre les marques et les consommateurs. Nous nous effor\u00e7ons de surprendre, de cr\u00e9er &#8230;<\/p>","protected":false},"author":1,"featured_media":0,"parent":0,"menu_order":0,"comment_status":"closed","ping_status":"closed","template":"templates\/centered.php","meta":[],"_links":{"self":[{"href":"https:\/\/architectsofmind.com\/en\/wp-json\/wp\/v2\/pages\/123"}],"collection":[{"href":"https:\/\/architectsofmind.com\/en\/wp-json\/wp\/v2\/pages"}],"about":[{"href":"https:\/\/architectsofmind.com\/en\/wp-json\/wp\/v2\/types\/page"}],"author":[{"embeddable":true,"href":"https:\/\/architectsofmind.com\/en\/wp-json\/wp\/v2\/users\/1"}],"replies":[{"embeddable":true,"href":"https:\/\/architectsofmind.com\/en\/wp-json\/wp\/v2\/comments?post=123"}],"version-history":[{"count":0,"href":"https:\/\/architectsofmind.com\/en\/wp-json\/wp\/v2\/pages\/123\/revisions"}],"wp:attachment":[{"href":"https:\/\/architectsofmind.com\/en\/wp-json\/wp\/v2\/media?parent=123"}],"curies":[{"name":"wp","href":"https:\/\/api.w.org\/{rel}","templated":true}]}}