{"id":121,"date":"2019-12-13T14:51:16","date_gmt":"2019-12-13T13:51:16","guid":{"rendered":"https:\/\/architectsofmind.com\/?page_id=121"},"modified":"2019-12-20T12:42:32","modified_gmt":"2019-12-20T11:42:32","slug":"references","status":"publish","type":"page","link":"https:\/\/architectsofmind.com\/en\/references\/","title":{"rendered":"References"},"content":{"rendered":"<p>Annick Goutal<br \/>\nAtkinsons<br \/>\nAudemars Piguet<br \/>\nCartier<br \/>\nChanel<br \/>\nChantal Thomass<br \/>\nChaumet<br \/>\nCosmoParis<br \/>\nCoty<br \/>\nDiptyque<br \/>\nGas<br \/>\nGuerlain<br \/>\nHerm\u00e8s<br \/>\nLa Manufacture<br \/>\nLacoste<br \/>\nL&rsquo;Artisan Parfumeur<br \/>\nLes N\u00e9reides<br \/>\nLouis XIII<br \/>\nLuxottica<br \/>\nMaison Christian Dior<br \/>\nMorgan<br \/>\nMoynat<br \/>\nPierre Herm\u00e9<br \/>\nPomelatto<br \/>\nPremiere Note<br \/>\nPuiforcat<br \/>\nR\u00e9my Cointreau<br \/>\nRoger &amp; Gallet<br \/>\nRuinart<br \/>\nSamsonite<br \/>\nTissot<br \/>\nVacheron Constantin<br \/>\nWeston<br \/>\nYves Rocher<br \/>\nZilli<\/p>","protected":false},"excerpt":{"rendered":"<p>Annick Goutal Atkinsons Audemars Piguet Cartier Chanel Chantal Thomass Chaumet CosmoParis Coty Diptyque Gas Guerlain Herm\u00e8s La Manufacture Lacoste L&rsquo;Artisan Parfumeur Les N\u00e9reides Louis XIII Luxottica Maison Christian Dior Morgan Moynat Pierre Herm\u00e9 Pomelatto Premiere Note Puiforcat R\u00e9my Cointreau Roger &amp; Gallet Ruinart Samsonite Tissot Vacheron Constantin Weston Yves Rocher Zilli<\/p>","protected":false},"author":1,"featured_media":0,"parent":0,"menu_order":0,"comment_status":"closed","ping_status":"closed","template":"templates\/centered.php","meta":[],"_links":{"self":[{"href":"https:\/\/architectsofmind.com\/en\/wp-json\/wp\/v2\/pages\/121"}],"collection":[{"href":"https:\/\/architectsofmind.com\/en\/wp-json\/wp\/v2\/pages"}],"about":[{"href":"https:\/\/architectsofmind.com\/en\/wp-json\/wp\/v2\/types\/page"}],"author":[{"embeddable":true,"href":"https:\/\/architectsofmind.com\/en\/wp-json\/wp\/v2\/users\/1"}],"replies":[{"embeddable":true,"href":"https:\/\/architectsofmind.com\/en\/wp-json\/wp\/v2\/comments?post=121"}],"version-history":[{"count":0,"href":"https:\/\/architectsofmind.com\/en\/wp-json\/wp\/v2\/pages\/121\/revisions"}],"wp:attachment":[{"href":"https:\/\/architectsofmind.com\/en\/wp-json\/wp\/v2\/media?parent=121"}],"curies":[{"name":"wp","href":"https:\/\/api.w.org\/{rel}","templated":true}]}}