{"id":111,"date":"2019-12-13T14:41:51","date_gmt":"2019-12-13T13:41:51","guid":{"rendered":"https:\/\/architectsofmind.com\/?page_id=111"},"modified":"2020-02-02T15:42:06","modified_gmt":"2020-02-02T14:42:06","slug":"legal-notices","status":"publish","type":"page","link":"https:\/\/architectsofmind.com\/en\/legal-notices\/","title":{"rendered":"Legal notices"},"content":{"rendered":"<p>EDITION<\/p>\n<p>The website \"architectsofmind.com\" is published by the CADENCE company.<\/p>\n<p>CADENCE<br \/>\nSARL registered on 01\/02\/2013 a capital of 8 000\u20ac<br \/>\nRCS Paris 480 148 725<br \/>\nAPE Code: 7311Z<br \/>\nVAT N\u00b0: FR 674 801 487 25<br \/>\nOffice: 6 rue Guillaume Tell - 75017 Paris - France<br \/>\nTel.: (+33)1 49 64 47 30<br \/>\nEmail: <a href=\"mailto:team@architectsofmind.com\">team@architectsofmind.com<\/a><\/p>\n<p>On-line date: 01\/27\/2020<\/p>\n<p>PUBLICATION COORDINATION AND DIRECTION<\/p>\n<p>Mr Herv\u00e9 JOSSERAND.<\/p>\n<p>WEB HOSTING<\/p>\n<p>Office<br \/>\n1&1 Internet SARL<br \/>\n7 place de la Gare \u2013 BP 70109<br \/>\n57200 Sarreguemines Cedex \u2013 France<\/p>\n<p>SARL with capital of 100 000\u20ac<br \/>\nRCS Sarreguemines B 431 303 775<br \/>\nSIRET 431 303 775 000 16<br \/>\nAPE code: 6201Z<br \/>\nVAT: FR 134 313 037 75<\/p>\n<p>Contact<br \/>\nTel.: 0970 808 911 \u2013 Email: <a title=\"1 &amp; 1 IONOS\" href=\"mailto:info@ionos.fr\">info@ionos.fr<\/a><\/p>\n<p>Editor<br \/>\n1&1 IONOS Cloud GmbH<br \/>\nGreifswalder Str. 207<br \/>\n10405 Berlin \u2013 Germany<\/p>\n<p>GmbH with a capital of 5 814 171\u20ac<br \/>\nRCS Charlottenburg HRB 125506 B<br \/>\nSIRET 29 026 638 22<\/p>\n<p>Tel.: +(49) 30 57700 850 \u2013 Email: <a title=\"Cloud IONOS\" href=\"mailto:info@cloud.ionos.de\">info@cloud.ionos.de<\/a><\/p>\n<p>COPYRIGHT AND PHOTO CREDITS<\/p>\n<p>The website \"architectsofmind.com\" is protected by copyright. The use of all or part of it, by reproduction, or representation on any medium and by any process, for purposes other than for personal and private use for non-commercial purposes is strictly prohibited, without prior written authorization.<\/p>\n<p>Projects photos: \u00a9 Architects of Mind.<\/p>\n<p>PRIVACY POLICY<\/p>\n<p>See pages:<\/p>\n<ul>\n<li><a href=\"https:\/\/architectsofmind.com\/en\/cookies\/\">Cookies<\/a><\/li>\n<li><a href=\"https:\/\/architectsofmind.com\/en\/data-privacy\/\">RGPD<\/a><\/li>\n<\/ul>","protected":false},"excerpt":{"rendered":"<p>\u00c9DITION Le site \u00ab\u00a0architectsofmind.com\u00a0\u00bb est un site \u00e9dit\u00e9 par la soci\u00e9t\u00e9 CADENCE. CADENCE SARL immatricul\u00e9e le 02\/01\/2013 au capital de 8 000\u20ac RCS Paris 480 148 725 Code APE : 7311Z N\u00b0 TVA : FR 674 801 487 25 Si\u00e8ge social : 6 rue Guillaume Tell \u2013 75017 Paris \u2013 France T\u00e9l. : (+33)1 49 &#8230;<\/p>","protected":false},"author":1,"featured_media":0,"parent":0,"menu_order":0,"comment_status":"closed","ping_status":"closed","template":"templates\/centered.php","meta":[],"_links":{"self":[{"href":"https:\/\/architectsofmind.com\/en\/wp-json\/wp\/v2\/pages\/111"}],"collection":[{"href":"https:\/\/architectsofmind.com\/en\/wp-json\/wp\/v2\/pages"}],"about":[{"href":"https:\/\/architectsofmind.com\/en\/wp-json\/wp\/v2\/types\/page"}],"author":[{"embeddable":true,"href":"https:\/\/architectsofmind.com\/en\/wp-json\/wp\/v2\/users\/1"}],"replies":[{"embeddable":true,"href":"https:\/\/architectsofmind.com\/en\/wp-json\/wp\/v2\/comments?post=111"}],"version-history":[{"count":0,"href":"https:\/\/architectsofmind.com\/en\/wp-json\/wp\/v2\/pages\/111\/revisions"}],"wp:attachment":[{"href":"https:\/\/architectsofmind.com\/en\/wp-json\/wp\/v2\/media?parent=111"}],"curies":[{"name":"wp","href":"https:\/\/api.w.org\/{rel}","templated":true}]}}