{"id":109,"date":"2019-12-13T14:40:48","date_gmt":"2019-12-13T13:40:48","guid":{"rendered":"https:\/\/architectsofmind.com\/?page_id=109"},"modified":"2019-12-13T15:42:02","modified_gmt":"2019-12-13T14:42:02","slug":"legal-pages","status":"publish","type":"page","link":"https:\/\/architectsofmind.com\/en\/legal-pages\/","title":{"rendered":"Legal pages"},"content":{"rendered":"<ul>\n<li><a href=\"https:\/\/architectsofmind.com\/en\/cookies\/\">Cookies<\/a><\/li>\n<li><a href=\"https:\/\/architectsofmind.com\/en\/legal-notices\/\">Legal notices<\/a><\/li>\n<li><a href=\"https:\/\/architectsofmind.com\/en\/site-map\/\">Site map<\/a><\/li>\n<li><a href=\"https:\/\/architectsofmind.com\/en\/data-privacy\/\">General Data Protection Regulations (GDPR)<\/a><\/li>\n<\/ul>","protected":false},"excerpt":{"rendered":"<p>Cookies Mentions l\u00e9gales Plan du site R\u00e8glement G\u00e9n\u00e9ral sur la Protection des Donn\u00e9es (RGDP)<\/p>","protected":false},"author":1,"featured_media":0,"parent":0,"menu_order":0,"comment_status":"closed","ping_status":"closed","template":"templates\/centered.php","meta":[],"_links":{"self":[{"href":"https:\/\/architectsofmind.com\/en\/wp-json\/wp\/v2\/pages\/109"}],"collection":[{"href":"https:\/\/architectsofmind.com\/en\/wp-json\/wp\/v2\/pages"}],"about":[{"href":"https:\/\/architectsofmind.com\/en\/wp-json\/wp\/v2\/types\/page"}],"author":[{"embeddable":true,"href":"https:\/\/architectsofmind.com\/en\/wp-json\/wp\/v2\/users\/1"}],"replies":[{"embeddable":true,"href":"https:\/\/architectsofmind.com\/en\/wp-json\/wp\/v2\/comments?post=109"}],"version-history":[{"count":0,"href":"https:\/\/architectsofmind.com\/en\/wp-json\/wp\/v2\/pages\/109\/revisions"}],"wp:attachment":[{"href":"https:\/\/architectsofmind.com\/en\/wp-json\/wp\/v2\/media?parent=109"}],"curies":[{"name":"wp","href":"https:\/\/api.w.org\/{rel}","templated":true}]}}